{"id":2513,"date":"2025-04-22T18:24:59","date_gmt":"2025-04-22T18:24:59","guid":{"rendered":"https:\/\/bs.digitalmarketsolution.com\/faq\/"},"modified":"2025-04-22T18:25:00","modified_gmt":"2025-04-22T18:25:00","slug":"faq","status":"publish","type":"page","link":"https:\/\/blessedsportswear.com\/fr\/faq\/","title":{"rendered":"FAQ"},"content":{"rendered":"<div class=\"fusion-fullwidth fullwidth-box fusion-builder-row-1 fusion-flex-container has-pattern-background has-mask-background hundred-percent-fullwidth non-hundred-percent-height-scrolling fusion-custom-z-index\" style=\"--awb-border-radius-top-left:0px;--awb-border-radius-top-right:0px;--awb-border-radius-bottom-right:0px;--awb-border-radius-bottom-left:0px;--awb-z-index:40;--awb-padding-top:30px;--awb-padding-right:0px;--awb-padding-bottom:80px;--awb-padding-left:0px;--awb-padding-top-medium:80px;--awb-padding-right-medium:0px;--awb-padding-bottom-medium:80px;--awb-padding-left-medium:0px;--awb-padding-top-small:50px;--awb-padding-right-small:30px;--awb-padding-bottom-small:50px;--awb-padding-left-small:30px;--awb-background-color:#ffffff;--awb-flex-wrap:wrap;\" ><div class=\"fusion-builder-row fusion-row fusion-flex-align-items-flex-start fusion-flex-justify-content-center fusion-flex-content-wrap\" style=\"width:104% !important;max-width:104% !important;margin-left: calc(-4% \/ 2 );margin-right: calc(-4% \/ 2 );\"><div class=\"fusion-layout-column fusion_builder_column fusion-builder-column-0 fusion_builder_column_2_3 2_3 fusion-flex-column\" style=\"--awb-padding-right-medium:0px;--awb-padding-left-medium:0px;--awb-padding-right-small:0px;--awb-padding-left-small:0px;--awb-bg-size:cover;--awb-width-large:66.666666666667%;--awb-margin-top-large:0px;--awb-spacing-right-large:2.88%;--awb-margin-bottom-large:0px;--awb-spacing-left-large:2.88%;--awb-width-medium:83.333333333333%;--awb-order-medium:0;--awb-spacing-right-medium:2.304%;--awb-spacing-left-medium:2.304%;--awb-width-small:100%;--awb-order-small:0;--awb-spacing-right-small:1.92%;--awb-margin-bottom-small:0px;--awb-spacing-left-small:1.92%;\" data-scroll-devices=\"small-visibility,medium-visibility,large-visibility\"><div class=\"fusion-column-wrapper fusion-column-has-shadow fusion-flex-justify-content-flex-start fusion-content-layout-column\"><div class=\"fusion-title title fusion-title-1 fusion-sep-none fusion-title-center fusion-title-text fusion-title-size-one\" style=\"--awb-margin-bottom:30px;--awb-margin-bottom-small:20px;\"><h1 class=\"fusion-title-heading title-heading-center\" style=\"margin:0;\">FAQ<\/h1><\/div><div class=\"accordian fusion-accordian\" style=\"--awb-padding-top:7px;--awb-padding-bottom:7px;--awb-border-size:2px;--awb-icon-size:16px;--awb-content-font-size:var(--awb-typography4-font-size);--awb-icon-alignment:right;--awb-hover-color:var(--awb-color2);--awb-border-color:#000000;--awb-background-color:var(--awb-color1);--awb-divider-color:var(--awb-color3);--awb-divider-hover-color:var(--awb-color3);--awb-icon-color:var(--awb-color1);--awb-title-color:var(--awb-color8);--awb-content-color:var(--awb-color8);--awb-icon-box-color:var(--awb-color8);--awb-toggle-hover-accent-color:var(--awb-color5);--awb-title-font-family:var(--awb-typography1-font-family);--awb-title-font-weight:var(--awb-typography1-font-weight);--awb-title-font-style:var(--awb-typography1-font-style);--awb-title-font-size:16px;--awb-title-text-transform:uppercase;--awb-content-font-family:var(--awb-typography4-font-family);--awb-content-font-weight:var(--awb-typography4-font-weight);--awb-content-font-style:var(--awb-typography4-font-style);\"><div class=\"panel-group fusion-toggle-icon-right fusion-toggle-icon-boxed\" id=\"accordion-2513-1\"><div class=\"fusion-panel panel-default panel-41ad21adabdab3d46 fusion-toggle-no-divider fusion-toggle-boxed-mode\"><div class=\"panel-heading\"><h4 class=\"panel-title toggle\" id=\"toggle_41ad21adabdab3d46\"><a aria-expanded=\"false\" aria-controls=\"41ad21adabdab3d46\" role=\"button\" data-toggle=\"collapse\" data-parent=\"#accordion-2513-1\" data-target=\"#41ad21adabdab3d46\" href=\"#41ad21adabdab3d46\"><span class=\"fusion-toggle-icon-wrapper\" aria-hidden=\"true\"><i class=\"fa-fusion-box active-icon awb-icon-minus\" aria-hidden=\"true\"><\/i><i class=\"fa-fusion-box inactive-icon awb-icon-plus\" aria-hidden=\"true\"><\/i><\/span><span class=\"fusion-toggle-heading\">O\u00f9 \u00eates-vous bas\u00e9s ?<\/span><\/a><\/h4><\/div><div id=\"41ad21adabdab3d46\" class=\"panel-collapse collapse \" aria-labelledby=\"toggle_41ad21adabdab3d46\"><div class=\"panel-body toggle-content fusion-clearfix\">Notre si\u00e8ge social et nos entrep\u00f4ts sont situ\u00e9s en Suisse, en Espagne et aux \u00c9tats-Unis.<\/div><\/div><\/div><div class=\"fusion-panel panel-default panel-d168f385f1ee5d6d1 fusion-toggle-no-divider fusion-toggle-boxed-mode\"><div class=\"panel-heading\"><h4 class=\"panel-title toggle\" id=\"toggle_d168f385f1ee5d6d1\"><a aria-expanded=\"false\" aria-controls=\"d168f385f1ee5d6d1\" role=\"button\" data-toggle=\"collapse\" data-parent=\"#accordion-2513-1\" data-target=\"#d168f385f1ee5d6d1\" href=\"#d168f385f1ee5d6d1\"><span class=\"fusion-toggle-icon-wrapper\" aria-hidden=\"true\"><i class=\"fa-fusion-box active-icon awb-icon-minus\" aria-hidden=\"true\"><\/i><i class=\"fa-fusion-box inactive-icon awb-icon-plus\" aria-hidden=\"true\"><\/i><\/span><span class=\"fusion-toggle-heading\">J\u2019ai pass\u00e9 une commande \u2013 mais o\u00f9 est-elle ?<\/span><\/a><\/h4><\/div><div id=\"d168f385f1ee5d6d1\" class=\"panel-collapse collapse \" aria-labelledby=\"toggle_d168f385f1ee5d6d1\"><div class=\"panel-body toggle-content fusion-clearfix\">Vous recevrez vos informations de suivi une fois que votre commande aura \u00e9t\u00e9 exp\u00e9di\u00e9e depuis notre entrep\u00f4t. Le lien de suivi sera mis \u00e0 jour tout au long du trajet entre notre entrep\u00f4t et votre adresse de livraison.<\/p>\n<p>Si vous avez des questions concernant l\u2019exp\u00e9dition de votre colis, nous vous recommandons de contacter directement le service de messagerie concern\u00e9 en leur fournissant vos informations de suivi et d\u2019adresse.<\/p>\n<p>Pour toute autre question li\u00e9e \u00e0 l\u2019exp\u00e9dition de votre commande, vous pouvez nous contacter directement par courriel \u00e0 l\u2019adresse suivante : <a href=\"mailto:info@blessedsportswear.com\">info@blessedsportswear.com<\/a>.<\/p>\n<p>Vous pouvez \u00e9galement consulter notre page Livraison pour conna\u00eetre les d\u00e9lais estim\u00e9s afin de savoir quand attendre le facteur.<\/div><\/div><\/div><div class=\"fusion-panel panel-default panel-8476741bed0263332 fusion-toggle-no-divider fusion-toggle-boxed-mode\"><div class=\"panel-heading\"><h4 class=\"panel-title toggle\" id=\"toggle_8476741bed0263332\"><a aria-expanded=\"false\" aria-controls=\"8476741bed0263332\" role=\"button\" data-toggle=\"collapse\" data-parent=\"#accordion-2513-1\" data-target=\"#8476741bed0263332\" href=\"#8476741bed0263332\"><span class=\"fusion-toggle-icon-wrapper\" aria-hidden=\"true\"><i class=\"fa-fusion-box active-icon awb-icon-minus\" aria-hidden=\"true\"><\/i><i class=\"fa-fusion-box inactive-icon awb-icon-plus\" aria-hidden=\"true\"><\/i><\/span><span class=\"fusion-toggle-heading\">Quels modes de paiement acceptez-vous ?<\/span><\/a><\/h4><\/div><div id=\"8476741bed0263332\" class=\"panel-collapse collapse \" aria-labelledby=\"toggle_8476741bed0263332\"><div class=\"panel-body toggle-content fusion-clearfix\">Nous acceptons les paiements par Visa, Mastercard et American Express. Visa et Mastercard sont v\u00e9rifi\u00e9s par un code s\u00e9curis\u00e9. Le paiement est d\u00e9bit\u00e9 de votre carte d\u00e8s que vous passez votre commande.  <\/p>\n<p>Vous pouvez \u00e9galement payer via Alipay, Apple Pay (mobile) et Android Pay (mobile). Cela signifie qu\u2019aucune information bancaire concernant le client ne transite par le site <a href=\"https:\/\/blessedsportswear.com\">https:\/\/blessedsportswear.com<\/a>.&nbsp; Le paiement est donc s\u00e9curis\u00e9 par les partenaires en charge des transactions financi\u00e8res.  <\/p>\n<p>La commande sera alors enregistr\u00e9e et valid\u00e9e d\u00e8s que le paiement sera accept\u00e9 par le service bancaire.<\/div><\/div><\/div><div class=\"fusion-panel panel-default panel-d48e7ae1b8531fccf fusion-toggle-no-divider fusion-toggle-boxed-mode\"><div class=\"panel-heading\"><h4 class=\"panel-title toggle\" id=\"toggle_d48e7ae1b8531fccf\"><a aria-expanded=\"false\" aria-controls=\"d48e7ae1b8531fccf\" role=\"button\" data-toggle=\"collapse\" data-parent=\"#accordion-2513-1\" data-target=\"#d48e7ae1b8531fccf\" href=\"#d48e7ae1b8531fccf\"><span class=\"fusion-toggle-icon-wrapper\" aria-hidden=\"true\"><i class=\"fa-fusion-box active-icon awb-icon-minus\" aria-hidden=\"true\"><\/i><i class=\"fa-fusion-box inactive-icon awb-icon-plus\" aria-hidden=\"true\"><\/i><\/span><span class=\"fusion-toggle-heading\">Quels sont vos frais de livraison ?<\/span><\/a><\/h4><\/div><div id=\"d48e7ae1b8531fccf\" class=\"panel-collapse collapse \" aria-labelledby=\"toggle_d48e7ae1b8531fccf\"><div class=\"panel-body toggle-content fusion-clearfix\">\n<p>Nos frais de livraison et d\u00e9lais varient selon le pays de destination. Pour obtenir une estimation des co\u00fbts et des d\u00e9lais, veuillez consulter notre<a href=\"https:\/\/blessedsportswear.com\/terms-and-conditions\/\"> page Livraison<\/a>. <\/p>\n<\/div><\/div><\/div><div class=\"fusion-panel panel-default panel-920ecc97d7366886d fusion-toggle-no-divider fusion-toggle-boxed-mode\"><div class=\"panel-heading\"><h4 class=\"panel-title toggle\" id=\"toggle_920ecc97d7366886d\"><a aria-expanded=\"false\" aria-controls=\"920ecc97d7366886d\" role=\"button\" data-toggle=\"collapse\" data-parent=\"#accordion-2513-1\" data-target=\"#920ecc97d7366886d\" href=\"#920ecc97d7366886d\"><span class=\"fusion-toggle-icon-wrapper\" aria-hidden=\"true\"><i class=\"fa-fusion-box active-icon awb-icon-minus\" aria-hidden=\"true\"><\/i><i class=\"fa-fusion-box inactive-icon awb-icon-plus\" aria-hidden=\"true\"><\/i><\/span><span class=\"fusion-toggle-heading\">Quand r\u00e9approvisionnez-vous les stocks ?<\/span><\/a><\/h4><\/div><div id=\"920ecc97d7366886d\" class=\"panel-collapse collapse \" aria-labelledby=\"toggle_920ecc97d7366886d\"><div class=\"panel-body toggle-content fusion-clearfix\">\n<p>C\u2019est l\u2019une des questions que l\u2019on nous pose le plus ! Si vous avez rep\u00e9r\u00e9 un article en particulier, vous pouvez vous inscrire pour \u00eatre averti d\u00e8s qu\u2019il sera de nouveau en stock. Cliquez sur la taille d\u00e9sir\u00e9e sur la page du produit, puis cliquez sur le bouton \u00ab Pr\u00e9venez-moi quand disponible \u00bb. Nous vous enverrons un courriel d\u00e8s que la taille et le produit choisis seront \u00e0 nouveau disponibles.  <\/p>\n<p>\u00c0 noter : nous commandons des quantit\u00e9s limit\u00e9es pour chaque mod\u00e8le et ne proc\u00e9dons que rarement \u00e0 des r\u00e9assorts. Si un article vous pla\u00eet, nous vous conseillons de l\u2019acheter rapidement avant qu\u2019il ne soit trop tard. Nous vous recommandons \u00e9galement de vous abonner \u00e0 notre infolettre pour \u00eatre inform\u00e9\u00b7e en avant-premi\u00e8re de nos nouveaut\u00e9s et r\u00e9assorts. <\/p>\n<\/div><\/div><\/div><div class=\"fusion-panel panel-default panel-b1f2e528f53f70986 fusion-toggle-no-divider fusion-toggle-boxed-mode\"><div class=\"panel-heading\"><h4 class=\"panel-title toggle\" id=\"toggle_b1f2e528f53f70986\"><a aria-expanded=\"false\" aria-controls=\"b1f2e528f53f70986\" role=\"button\" data-toggle=\"collapse\" data-parent=\"#accordion-2513-1\" data-target=\"#b1f2e528f53f70986\" href=\"#b1f2e528f53f70986\"><span class=\"fusion-toggle-icon-wrapper\" aria-hidden=\"true\"><i class=\"fa-fusion-box active-icon awb-icon-minus\" aria-hidden=\"true\"><\/i><i class=\"fa-fusion-box inactive-icon awb-icon-plus\" aria-hidden=\"true\"><\/i><\/span><span class=\"fusion-toggle-heading\">J\u2019ai un probl\u00e8me avec ma commande<\/span><\/a><\/h4><\/div><div id=\"b1f2e528f53f70986\" class=\"panel-collapse collapse \" aria-labelledby=\"toggle_b1f2e528f53f70986\"><div class=\"panel-body toggle-content fusion-clearfix\">Nous sommes d\u00e9sol\u00e9s d\u2019apprendre cela \u2014 veuillez contacter notre \u00e9quipe du service client par courriel \u00e0 l\u2019adresse suivante : <a href=\"mailto:info@blessedsportswear.com\">info@blessedsportswear.com<\/a>. Un membre de notre \u00e9quipe s\u2019occupera de r\u00e9soudre votre probl\u00e8me directement avec vous.<\/div><\/div><\/div><div class=\"fusion-panel panel-default panel-d6d294e9ae69b475c fusion-toggle-no-divider fusion-toggle-boxed-mode\"><div class=\"panel-heading\"><h4 class=\"panel-title toggle\" id=\"toggle_d6d294e9ae69b475c\"><a aria-expanded=\"false\" aria-controls=\"d6d294e9ae69b475c\" role=\"button\" data-toggle=\"collapse\" data-parent=\"#accordion-2513-1\" data-target=\"#d6d294e9ae69b475c\" href=\"#d6d294e9ae69b475c\"><span class=\"fusion-toggle-icon-wrapper\" aria-hidden=\"true\"><i class=\"fa-fusion-box active-icon awb-icon-minus\" aria-hidden=\"true\"><\/i><i class=\"fa-fusion-box inactive-icon awb-icon-plus\" aria-hidden=\"true\"><\/i><\/span><span class=\"fusion-toggle-heading\">Puis-je retourner ma commande ?<\/span><\/a><\/h4><\/div><div id=\"d6d294e9ae69b475c\" class=\"panel-collapse collapse \" aria-labelledby=\"toggle_d6d294e9ae69b475c\"><div class=\"panel-body toggle-content fusion-clearfix\">\n<p>Nos conditions d\u2019\u00e9changes et de retours sont expliqu\u00e9es dans la section <a href=\"https:\/\/blessedsportswear.com\/terms-and-conditions\/\">\u00c9changes et retours<\/a> de ce site.<\/p>\n<p>Pour plus de d\u00e9tails sur votre droit de retour de 14 jours, veuillez consulter cette section. Vous disposez du droit d\u2019annuler votre achat et de recevoir un remboursement complet \u00e0 condition de nous en informer par \u00e9crit, conform\u00e9ment aux indications ci-dessous, au plus tard quatorze jours ouvrables (c\u2019est-\u00e0-dire hors week-ends et jours f\u00e9ri\u00e9s) apr\u00e8s la r\u00e9ception de vos articles.  <\/p>\n<p>Pour exercer ce droit de r\u00e9tractation, envoyez-nous un courriel \u00e0<a href=\"mailto:info@blessedsportswear.com\"> info@blessedsportswear.com<\/a>.<\/p>\n<p>Veuillez noter que si vous ne prenez pas soin des articles retourn\u00e9s ou si vous ne les retournez pas, nous serons en droit de r\u00e9clamer une indemnisation pour les pertes subies.<\/p>\n<\/div><\/div><\/div><div class=\"fusion-panel panel-default panel-aafad0bc36f961f2a fusion-toggle-no-divider fusion-toggle-boxed-mode\"><div class=\"panel-heading\"><h4 class=\"panel-title toggle\" id=\"toggle_aafad0bc36f961f2a\"><a aria-expanded=\"false\" aria-controls=\"aafad0bc36f961f2a\" role=\"button\" data-toggle=\"collapse\" data-parent=\"#accordion-2513-1\" data-target=\"#aafad0bc36f961f2a\" href=\"#aafad0bc36f961f2a\"><span class=\"fusion-toggle-icon-wrapper\" aria-hidden=\"true\"><i class=\"fa-fusion-box active-icon awb-icon-minus\" aria-hidden=\"true\"><\/i><i class=\"fa-fusion-box inactive-icon awb-icon-plus\" aria-hidden=\"true\"><\/i><\/span><span class=\"fusion-toggle-heading\">Offrez-vous les retours gratuits ?<\/span><\/a><\/h4><\/div><div id=\"aafad0bc36f961f2a\" class=\"panel-collapse collapse \" aria-labelledby=\"toggle_aafad0bc36f961f2a\"><div class=\"panel-body toggle-content fusion-clearfix\">\n<p>Nous n\u2019offrons actuellement pas de retours gratuits. Nous vous recommandons de retourner vos articles via un service d\u2019exp\u00e9dition assur\u00e9 et tra\u00e7able pour votre protection.<\/p>\n<\/div><\/div><\/div><div class=\"fusion-panel panel-default panel-d0719bbc54cdef5f0 fusion-toggle-no-divider fusion-toggle-boxed-mode\"><div class=\"panel-heading\"><h4 class=\"panel-title toggle\" id=\"toggle_d0719bbc54cdef5f0\"><a aria-expanded=\"false\" aria-controls=\"d0719bbc54cdef5f0\" role=\"button\" data-toggle=\"collapse\" data-parent=\"#accordion-2513-1\" data-target=\"#d0719bbc54cdef5f0\" href=\"#d0719bbc54cdef5f0\"><span class=\"fusion-toggle-icon-wrapper\" aria-hidden=\"true\"><i class=\"fa-fusion-box active-icon awb-icon-minus\" aria-hidden=\"true\"><\/i><i class=\"fa-fusion-box inactive-icon awb-icon-plus\" aria-hidden=\"true\"><\/i><\/span><span class=\"fusion-toggle-heading\">J\u2019ai re\u00e7u un article d\u00e9fectueux<\/span><\/a><\/h4><\/div><div id=\"d0719bbc54cdef5f0\" class=\"panel-collapse collapse \" aria-labelledby=\"toggle_d0719bbc54cdef5f0\"><div class=\"panel-body toggle-content fusion-clearfix\">\n<p>Tous nos articles sont contr\u00f4l\u00e9s et emball\u00e9s avec soin. Cependant, si votre article est d\u00e9fectueux ou ne correspond pas \u00e0 sa description sur le site, nous vous rembourserons la valeur de votre commande pour les articles concern\u00e9s.<\/p>\n<p>Veuillez nous envoyer un courriel \u00e0<a href=\"mailto:info@blessedsportswear.com\"> info@blessedsportswear.com <\/a>avant de nous retourner l\u2019article afin de nous informer du probl\u00e8me. Nous vous demanderons quelques photos pour \u00e9valuer le probl\u00e8me avant le retour. Lors du retour, veuillez indiquer le d\u00e9faut constat\u00e9 sur le formulaire de retour et cocher que la raison du retour est li\u00e9e \u00e0 un article d\u00e9fectueux.  <\/p>\n<\/div><\/div><\/div><div class=\"fusion-panel panel-default panel-2bf2dac769fe537ea fusion-toggle-no-divider fusion-toggle-boxed-mode\"><div class=\"panel-heading\"><h4 class=\"panel-title toggle\" id=\"toggle_2bf2dac769fe537ea\"><a aria-expanded=\"false\" aria-controls=\"2bf2dac769fe537ea\" role=\"button\" data-toggle=\"collapse\" data-parent=\"#accordion-2513-1\" data-target=\"#2bf2dac769fe537ea\" href=\"#2bf2dac769fe537ea\"><span class=\"fusion-toggle-icon-wrapper\" aria-hidden=\"true\"><i class=\"fa-fusion-box active-icon awb-icon-minus\" aria-hidden=\"true\"><\/i><i class=\"fa-fusion-box inactive-icon awb-icon-plus\" aria-hidden=\"true\"><\/i><\/span><span class=\"fusion-toggle-heading\">Ma commande a \u00e9t\u00e9 annul\u00e9e \u2013 pourquoi ?<\/span><\/a><\/h4><\/div><div id=\"2bf2dac769fe537ea\" class=\"panel-collapse collapse \" aria-labelledby=\"toggle_2bf2dac769fe537ea\"><div class=\"panel-body toggle-content fusion-clearfix\">\n<p>Si votre commande est annul\u00e9e par notre \u00e9quipe, vous recevrez un courriel expliquant la raison de cette annulation. Aucun montant ne sera d\u00e9bit\u00e9 pour les articles annul\u00e9s. Si vous souhaitez d\u00e9couvrir des produits alternatifs, contactez-nous \u00e0 l\u2019adresse<a href=\"mailto:info@blessedsportswear.com\"> info@blessedsportswear.com<\/a> pour une recommandation personnalis\u00e9e.  <\/p>\n<\/div><\/div><\/div><div class=\"fusion-panel panel-default panel-952fab7bac1ddb9a4 fusion-toggle-no-divider fusion-toggle-boxed-mode\"><div class=\"panel-heading\"><h4 class=\"panel-title toggle\" id=\"toggle_952fab7bac1ddb9a4\"><a aria-expanded=\"false\" aria-controls=\"952fab7bac1ddb9a4\" role=\"button\" data-toggle=\"collapse\" data-parent=\"#accordion-2513-1\" data-target=\"#952fab7bac1ddb9a4\" href=\"#952fab7bac1ddb9a4\"><span class=\"fusion-toggle-icon-wrapper\" aria-hidden=\"true\"><i class=\"fa-fusion-box active-icon awb-icon-minus\" aria-hidden=\"true\"><\/i><i class=\"fa-fusion-box inactive-icon awb-icon-plus\" aria-hidden=\"true\"><\/i><\/span><span class=\"fusion-toggle-heading\">O\u00f9 est mon remboursement ?<\/span><\/a><\/h4><\/div><div id=\"952fab7bac1ddb9a4\" class=\"panel-collapse collapse \" aria-labelledby=\"toggle_952fab7bac1ddb9a4\"><div class=\"panel-body toggle-content fusion-clearfix\">\n<p>Une fois que nous aurons re\u00e7u votre retour en bon \u00e9tat \u00e0 notre entrep\u00f4t et qu\u2019il aura \u00e9t\u00e9 v\u00e9rifi\u00e9, nous proc\u00e9derons \u00e0 votre remboursement dans un d\u00e9lai de 14 jours. Vous recevrez automatiquement un courriel confirmant que le remboursement a \u00e9t\u00e9 effectu\u00e9. Veuillez noter que selon votre fournisseur de paiement, le remboursement peut prendre 7 \u00e0 10 jours ouvrables pour appara\u00eetre sur votre compte. <\/p>\n<p>Si vous avez des inqui\u00e9tudes concernant le traitement de votre remboursement, nous vous conseillons de contacter directement votre banque ou fournisseur de paiement.<\/p>\n<\/div><\/div><\/div><div class=\"fusion-panel panel-default panel-db893dab580044024 fusion-toggle-no-divider fusion-toggle-boxed-mode\"><div class=\"panel-heading\"><h4 class=\"panel-title toggle\" id=\"toggle_db893dab580044024\"><a aria-expanded=\"false\" aria-controls=\"db893dab580044024\" role=\"button\" data-toggle=\"collapse\" data-parent=\"#accordion-2513-1\" data-target=\"#db893dab580044024\" href=\"#db893dab580044024\"><span class=\"fusion-toggle-icon-wrapper\" aria-hidden=\"true\"><i class=\"fa-fusion-box active-icon awb-icon-minus\" aria-hidden=\"true\"><\/i><i class=\"fa-fusion-box inactive-icon awb-icon-plus\" aria-hidden=\"true\"><\/i><\/span><span class=\"fusion-toggle-heading\">Je veux laisser un avis sur vous !<\/span><\/a><\/h4><\/div><div id=\"db893dab580044024\" class=\"panel-collapse collapse \" aria-labelledby=\"toggle_db893dab580044024\"><div class=\"panel-body toggle-content fusion-clearfix\">\n<p>Nous serions ravis de conna\u00eetre votre avis ! Vous pouvez laisser un avis sur Google \u00e0 notre sujet<a href=\"https:\/\/g.page\/r\/CU3CmvW03ku3EAI\/review\"> ici<\/a>. Vous pouvez \u00e9galement \u00e9valuer votre article directement sur la page du produit \u2014 faites d\u00e9filer jusqu\u2019\u00e0 la section des avis et dites-nous ce que vous en pensez ! <\/p>\n<\/div><\/div><\/div><\/div><\/div><\/div><\/div><\/div><\/div>\n","protected":false},"excerpt":{"rendered":"","protected":false},"author":1,"featured_media":0,"parent":0,"menu_order":0,"comment_status":"closed","ping_status":"closed","template":"100-width.php","meta":{"inline_featured_image":false,"footnotes":""},"class_list":["post-2513","page","type-page","status-publish","hentry"],"yoast_head":"<!-- This site is optimized with the Yoast SEO plugin v26.5 - https:\/\/yoast.com\/wordpress\/plugins\/seo\/ -->\n<title>FAQ - Blessed Sportswear<\/title>\n<meta name=\"robots\" content=\"index, follow, max-snippet:-1, max-image-preview:large, max-video-preview:-1\" \/>\n<link rel=\"canonical\" href=\"https:\/\/blessedsportswear.com\/fr\/faq\/\" \/>\n<meta property=\"og:locale\" content=\"fr_FR\" \/>\n<meta property=\"og:type\" content=\"article\" \/>\n<meta property=\"og:title\" content=\"FAQ - Blessed Sportswear\" \/>\n<meta property=\"og:url\" content=\"https:\/\/blessedsportswear.com\/fr\/faq\/\" \/>\n<meta property=\"og:site_name\" content=\"Blessed Sportswear\" \/>\n<meta property=\"article:modified_time\" content=\"2025-04-22T18:25:00+00:00\" \/>\n<meta name=\"twitter:card\" content=\"summary_large_image\" \/>\n<meta name=\"twitter:label1\" content=\"Dur\u00e9e de lecture estim\u00e9e\" \/>\n\t<meta name=\"twitter:data1\" content=\"9 minutes\" \/>\n<script type=\"application\/ld+json\" class=\"yoast-schema-graph\">{\"@context\":\"https:\/\/schema.org\",\"@graph\":[{\"@type\":\"WebPage\",\"@id\":\"https:\/\/blessedsportswear.com\/fr\/faq\/\",\"url\":\"https:\/\/blessedsportswear.com\/fr\/faq\/\",\"name\":\"FAQ - Blessed Sportswear\",\"isPartOf\":{\"@id\":\"http:\/\/blessedsportswear.com\/fr\/#website\"},\"datePublished\":\"2025-04-22T18:24:59+00:00\",\"dateModified\":\"2025-04-22T18:25:00+00:00\",\"breadcrumb\":{\"@id\":\"https:\/\/blessedsportswear.com\/fr\/faq\/#breadcrumb\"},\"inLanguage\":\"fr-FR\",\"potentialAction\":[{\"@type\":\"ReadAction\",\"target\":[\"https:\/\/blessedsportswear.com\/fr\/faq\/\"]}]},{\"@type\":\"BreadcrumbList\",\"@id\":\"https:\/\/blessedsportswear.com\/fr\/faq\/#breadcrumb\",\"itemListElement\":[{\"@type\":\"ListItem\",\"position\":1,\"name\":\"Home\",\"item\":\"https:\/\/blessedsportswear.com\/fr\/\"},{\"@type\":\"ListItem\",\"position\":2,\"name\":\"FAQ\"}]},{\"@type\":\"WebSite\",\"@id\":\"http:\/\/blessedsportswear.com\/fr\/#website\",\"url\":\"http:\/\/blessedsportswear.com\/fr\/\",\"name\":\"Blessed Sportswear\",\"description\":\"\",\"potentialAction\":[{\"@type\":\"SearchAction\",\"target\":{\"@type\":\"EntryPoint\",\"urlTemplate\":\"http:\/\/blessedsportswear.com\/fr\/?s={search_term_string}\"},\"query-input\":{\"@type\":\"PropertyValueSpecification\",\"valueRequired\":true,\"valueName\":\"search_term_string\"}}],\"inLanguage\":\"fr-FR\"}]}<\/script>\n<!-- \/ Yoast SEO plugin. -->","yoast_head_json":{"title":"FAQ - Blessed Sportswear","robots":{"index":"index","follow":"follow","max-snippet":"max-snippet:-1","max-image-preview":"max-image-preview:large","max-video-preview":"max-video-preview:-1"},"canonical":"https:\/\/blessedsportswear.com\/fr\/faq\/","og_locale":"fr_FR","og_type":"article","og_title":"FAQ - Blessed Sportswear","og_url":"https:\/\/blessedsportswear.com\/fr\/faq\/","og_site_name":"Blessed Sportswear","article_modified_time":"2025-04-22T18:25:00+00:00","twitter_card":"summary_large_image","twitter_misc":{"Dur\u00e9e de lecture estim\u00e9e":"9 minutes"},"schema":{"@context":"https:\/\/schema.org","@graph":[{"@type":"WebPage","@id":"https:\/\/blessedsportswear.com\/fr\/faq\/","url":"https:\/\/blessedsportswear.com\/fr\/faq\/","name":"FAQ - Blessed Sportswear","isPartOf":{"@id":"http:\/\/blessedsportswear.com\/fr\/#website"},"datePublished":"2025-04-22T18:24:59+00:00","dateModified":"2025-04-22T18:25:00+00:00","breadcrumb":{"@id":"https:\/\/blessedsportswear.com\/fr\/faq\/#breadcrumb"},"inLanguage":"fr-FR","potentialAction":[{"@type":"ReadAction","target":["https:\/\/blessedsportswear.com\/fr\/faq\/"]}]},{"@type":"BreadcrumbList","@id":"https:\/\/blessedsportswear.com\/fr\/faq\/#breadcrumb","itemListElement":[{"@type":"ListItem","position":1,"name":"Home","item":"https:\/\/blessedsportswear.com\/fr\/"},{"@type":"ListItem","position":2,"name":"FAQ"}]},{"@type":"WebSite","@id":"http:\/\/blessedsportswear.com\/fr\/#website","url":"http:\/\/blessedsportswear.com\/fr\/","name":"Blessed Sportswear","description":"","potentialAction":[{"@type":"SearchAction","target":{"@type":"EntryPoint","urlTemplate":"http:\/\/blessedsportswear.com\/fr\/?s={search_term_string}"},"query-input":{"@type":"PropertyValueSpecification","valueRequired":true,"valueName":"search_term_string"}}],"inLanguage":"fr-FR"}]}},"_links":{"self":[{"href":"https:\/\/blessedsportswear.com\/fr\/wp-json\/wp\/v2\/pages\/2513","targetHints":{"allow":["GET"]}}],"collection":[{"href":"https:\/\/blessedsportswear.com\/fr\/wp-json\/wp\/v2\/pages"}],"about":[{"href":"https:\/\/blessedsportswear.com\/fr\/wp-json\/wp\/v2\/types\/page"}],"author":[{"embeddable":true,"href":"https:\/\/blessedsportswear.com\/fr\/wp-json\/wp\/v2\/users\/1"}],"replies":[{"embeddable":true,"href":"https:\/\/blessedsportswear.com\/fr\/wp-json\/wp\/v2\/comments?post=2513"}],"version-history":[{"count":2,"href":"https:\/\/blessedsportswear.com\/fr\/wp-json\/wp\/v2\/pages\/2513\/revisions"}],"predecessor-version":[{"id":2515,"href":"https:\/\/blessedsportswear.com\/fr\/wp-json\/wp\/v2\/pages\/2513\/revisions\/2515"}],"wp:attachment":[{"href":"https:\/\/blessedsportswear.com\/fr\/wp-json\/wp\/v2\/media?parent=2513"}],"curies":[{"name":"wp","href":"https:\/\/api.w.org\/{rel}","templated":true}]}}