{"id":3099,"date":"2025-12-05T15:08:28","date_gmt":"2025-12-05T15:08:28","guid":{"rendered":"https:\/\/blessedsportswear.com\/?post_type=product&#038;p=3099"},"modified":"2025-12-09T21:29:17","modified_gmt":"2025-12-09T21:29:17","slug":"pull-a-capuchon-et-pantalons-noir-copy-copy-copy-2","status":"publish","type":"product","link":"http:\/\/blessedsportswear.com\/fr\/product\/pull-a-capuchon-et-pantalons-noir-copy-copy-copy-2\/","title":{"rendered":"Sweat \u00e0 capuche &#8211; Gris"},"content":{"rendered":"<div class=\"fusion-fullwidth fullwidth-box fusion-builder-row-1 fusion-flex-container nonhundred-percent-fullwidth non-hundred-percent-height-scrolling\" style=\"--awb-border-radius-top-left:0px;--awb-border-radius-top-right:0px;--awb-border-radius-bottom-right:0px;--awb-border-radius-bottom-left:0px;--awb-flex-wrap:wrap;\" ><div class=\"fusion-builder-row fusion-row fusion-flex-align-items-flex-start fusion-flex-content-wrap\" style=\"max-width:1248px;margin-left: calc(-4% \/ 2 );margin-right: calc(-4% \/ 2 );\"><div class=\"fusion-layout-column fusion_builder_column fusion-builder-column-0 fusion_builder_column_1_1 1_1 fusion-flex-column\" style=\"--awb-bg-size:cover;--awb-width-large:100%;--awb-margin-top-large:0px;--awb-spacing-right-large:1.92%;--awb-margin-bottom-large:0px;--awb-spacing-left-large:1.92%;--awb-width-medium:100%;--awb-spacing-right-medium:1.92%;--awb-spacing-left-medium:1.92%;--awb-width-small:100%;--awb-spacing-right-small:1.92%;--awb-spacing-left-small:1.92%;\"><div class=\"fusion-column-wrapper fusion-flex-justify-content-flex-start fusion-content-layout-column\"><div class=\"fusion-text fusion-text-1\"><p>Rehaussez votre quotidien avec le sweat \u00e0 capuche Blessed. Un essentiel \u00e9pur\u00e9 d&rsquo;inspiration athl\u00e9tique pour passer sans transition de la salle de sport \u00e0 la rue. Confectionn\u00e9 dans un m\u00e9lange de coton doux et r\u00e9sistant, il offre un confort tout au long de la journ\u00e9e, tandis que sa coupe structur\u00e9e et ses d\u00e9tails Blessed subtils vous garantissent un look \u00e9l\u00e9gant et assur\u00e9.<\/p>\n<p>Con\u00e7u pour les femmes et les hommes, ce sweat \u00e0 capuche unisexe vous enveloppe de chaleur sans vous alourdir, ce qui le rend parfait pour les journ\u00e9es d&rsquo;entra\u00eenement, les voyages ou les dimanches tranquilles. Portez-le seul ou associez-le au pantalon assorti pour cr\u00e9er un ensemble complet aussi confortable qu&rsquo;\u00e9l\u00e9gant.<\/p>\n<\/div><div class=\"fusion-text fusion-text-2\"><ul>\n<li>Regular ft<\/li>\n<li>Impression 3D<\/li>\n<li>80% coton 20% polyester<\/li>\n<li>220 g\/m\u00b2<\/li>\n<\/ul>\n<h3><strong>Guide des tailles<\/strong><\/h3>\n<\/div><div class=\"fusion-title title fusion-title-1 fusion-sep-none fusion-title-text fusion-title-size-paragraph\" style=\"--awb-font-size:20px;\"><p class=\"fusion-title-heading title-heading-left title-heading-tag\" style=\"margin:0;font-size:1em;\"><strong>Haut (Hoodie)<\/strong><\/p><\/div>\n<div class=\"table-1\">\n<table width=\"100%\">\n<thead>\n<tr>\n<th align=\"left\">Taille (cm)<\/th>\n<th align=\"left\">XS<\/th>\n<th align=\"left\">S<\/th>\n<th align=\"left\">M<\/th>\n<th align=\"left\">L<\/th>\n<th align=\"left\">XL<\/th>\n<th align=\"left\">XXL<\/th>\n<\/tr>\n<\/thead>\n<tbody>\n<tr>\n<td align=\"left\">Longueur<\/td>\n<td align=\"left\">66<\/td>\n<td align=\"left\">68.5<\/td>\n<td align=\"left\">71<\/td>\n<td align=\"left\">73.5<\/td>\n<td align=\"left\">76<\/td>\n<td align=\"left\">78.5<\/td>\n<\/tr>\n<tr>\n<td align=\"left\">Poitrine<\/td>\n<td align=\"left\">49.5<\/td>\n<td align=\"left\">53.5<\/td>\n<td align=\"left\">56.5<\/td>\n<td align=\"left\">58.5<\/td>\n<td align=\"left\">62<\/td>\n<td align=\"left\">66<\/td>\n<\/tr>\n<tr>\n<td align=\"left\">\u00c9paules<\/td>\n<td align=\"left\">43<\/td>\n<td align=\"left\">45.5<\/td>\n<td align=\"left\">48<\/td>\n<td align=\"left\">50.5<\/td>\n<td align=\"left\">53.5<\/td>\n<td align=\"left\">56<\/td>\n<\/tr>\n<tr>\n<td align=\"left\">Longueur bras<\/td>\n<td align=\"left\">61<\/td>\n<td align=\"left\">61<\/td>\n<td align=\"left\">68<\/td>\n<td align=\"left\">63.5<\/td>\n<td align=\"left\">66<\/td>\n<td align=\"left\">67.5<\/td>\n<\/tr>\n<\/tbody>\n<\/table>\n<\/div>\n<div class=\"fusion-separator fusion-full-width-sep\" style=\"align-self: center;margin-left: auto;margin-right: auto;margin-bottom:25px;width:100%;\"><\/div><\/div><\/div><\/div><\/div>\n","protected":false},"excerpt":{"rendered":"","protected":false},"featured_media":3102,"comment_status":"open","ping_status":"closed","template":"","meta":{"inline_featured_image":false},"product_brand":[],"product_cat":[122],"product_tag":[],"class_list":{"0":"post-3099","1":"product","2":"type-product","3":"status-publish","4":"has-post-thumbnail","6":"product_cat-unisexe","8":"first","9":"instock","10":"shipping-taxable","11":"purchasable","12":"product-type-variable","13":"add-to-wishlist-after_add_to_cart"},"yoast_head":"<!-- This site is optimized with the Yoast SEO plugin v26.5 - https:\/\/yoast.com\/wordpress\/plugins\/seo\/ -->\n<title>Sweat \u00e0 capuche - Gris - Blessed Sportswear<\/title>\n<meta name=\"robots\" content=\"index, follow, max-snippet:-1, max-image-preview:large, max-video-preview:-1\" \/>\n<link rel=\"canonical\" href=\"http:\/\/blessedsportswear.com\/fr\/product\/pull-a-capuchon-et-pantalons-noir-copy-copy-copy-2\/\" \/>\n<meta property=\"og:locale\" content=\"fr_FR\" \/>\n<meta property=\"og:type\" content=\"article\" \/>\n<meta property=\"og:title\" content=\"Sweat \u00e0 capuche - Gris - Blessed Sportswear\" \/>\n<meta property=\"og:url\" content=\"http:\/\/blessedsportswear.com\/fr\/product\/pull-a-capuchon-et-pantalons-noir-copy-copy-copy-2\/\" \/>\n<meta property=\"og:site_name\" content=\"Blessed Sportswear\" \/>\n<meta property=\"article:modified_time\" content=\"2025-12-09T21:29:17+00:00\" \/>\n<meta property=\"og:image\" content=\"https:\/\/blessedsportswear.com\/wp-content\/uploads\/2025\/12\/DSC04827-768x1024.png\" \/>\n\t<meta property=\"og:image:width\" content=\"768\" \/>\n\t<meta property=\"og:image:height\" content=\"1024\" \/>\n\t<meta property=\"og:image:type\" content=\"image\/png\" \/>\n<meta name=\"twitter:card\" content=\"summary_large_image\" \/>\n<meta name=\"twitter:label1\" content=\"Dur\u00e9e de lecture estim\u00e9e\" \/>\n\t<meta name=\"twitter:data1\" content=\"1 minute\" \/>\n<script type=\"application\/ld+json\" class=\"yoast-schema-graph\">{\"@context\":\"https:\/\/schema.org\",\"@graph\":[{\"@type\":\"WebPage\",\"@id\":\"http:\/\/blessedsportswear.com\/fr\/product\/pull-a-capuchon-et-pantalons-noir-copy-copy-copy-2\/\",\"url\":\"http:\/\/blessedsportswear.com\/fr\/product\/pull-a-capuchon-et-pantalons-noir-copy-copy-copy-2\/\",\"name\":\"Sweat \u00e0 capuche - Gris - Blessed Sportswear\",\"isPartOf\":{\"@id\":\"http:\/\/blessedsportswear.com\/fr\/#website\"},\"primaryImageOfPage\":{\"@id\":\"http:\/\/blessedsportswear.com\/fr\/product\/pull-a-capuchon-et-pantalons-noir-copy-copy-copy-2\/#primaryimage\"},\"image\":{\"@id\":\"http:\/\/blessedsportswear.com\/fr\/product\/pull-a-capuchon-et-pantalons-noir-copy-copy-copy-2\/#primaryimage\"},\"thumbnailUrl\":\"http:\/\/blessedsportswear.com\/wp-content\/uploads\/2025\/12\/DSC04827-scaled.png\",\"datePublished\":\"2025-12-05T15:08:28+00:00\",\"dateModified\":\"2025-12-09T21:29:17+00:00\",\"breadcrumb\":{\"@id\":\"http:\/\/blessedsportswear.com\/fr\/product\/pull-a-capuchon-et-pantalons-noir-copy-copy-copy-2\/#breadcrumb\"},\"inLanguage\":\"fr-FR\",\"potentialAction\":[{\"@type\":\"ReadAction\",\"target\":[\"http:\/\/blessedsportswear.com\/fr\/product\/pull-a-capuchon-et-pantalons-noir-copy-copy-copy-2\/\"]}]},{\"@type\":\"ImageObject\",\"inLanguage\":\"fr-FR\",\"@id\":\"http:\/\/blessedsportswear.com\/fr\/product\/pull-a-capuchon-et-pantalons-noir-copy-copy-copy-2\/#primaryimage\",\"url\":\"http:\/\/blessedsportswear.com\/wp-content\/uploads\/2025\/12\/DSC04827-scaled.png\",\"contentUrl\":\"http:\/\/blessedsportswear.com\/wp-content\/uploads\/2025\/12\/DSC04827-scaled.png\",\"width\":1920,\"height\":2560},{\"@type\":\"BreadcrumbList\",\"@id\":\"http:\/\/blessedsportswear.com\/fr\/product\/pull-a-capuchon-et-pantalons-noir-copy-copy-copy-2\/#breadcrumb\",\"itemListElement\":[{\"@type\":\"ListItem\",\"position\":1,\"name\":\"Home\",\"item\":\"https:\/\/blessedsportswear.com\/fr\/\"},{\"@type\":\"ListItem\",\"position\":2,\"name\":\"Boutique\",\"item\":\"https:\/\/blessedsportswear.com\/fr\/boutique-2\/\"},{\"@type\":\"ListItem\",\"position\":3,\"name\":\"Sweat \u00e0 capuche &#8211; Gris\"}]},{\"@type\":\"WebSite\",\"@id\":\"http:\/\/blessedsportswear.com\/fr\/#website\",\"url\":\"http:\/\/blessedsportswear.com\/fr\/\",\"name\":\"Blessed Sportswear\",\"description\":\"\",\"potentialAction\":[{\"@type\":\"SearchAction\",\"target\":{\"@type\":\"EntryPoint\",\"urlTemplate\":\"http:\/\/blessedsportswear.com\/fr\/?s={search_term_string}\"},\"query-input\":{\"@type\":\"PropertyValueSpecification\",\"valueRequired\":true,\"valueName\":\"search_term_string\"}}],\"inLanguage\":\"fr-FR\"}]}<\/script>\n<!-- \/ Yoast SEO plugin. -->","yoast_head_json":{"title":"Sweat \u00e0 capuche - Gris - Blessed Sportswear","robots":{"index":"index","follow":"follow","max-snippet":"max-snippet:-1","max-image-preview":"max-image-preview:large","max-video-preview":"max-video-preview:-1"},"canonical":"http:\/\/blessedsportswear.com\/fr\/product\/pull-a-capuchon-et-pantalons-noir-copy-copy-copy-2\/","og_locale":"fr_FR","og_type":"article","og_title":"Sweat \u00e0 capuche - Gris - Blessed Sportswear","og_url":"http:\/\/blessedsportswear.com\/fr\/product\/pull-a-capuchon-et-pantalons-noir-copy-copy-copy-2\/","og_site_name":"Blessed Sportswear","article_modified_time":"2025-12-09T21:29:17+00:00","og_image":[{"width":768,"height":1024,"url":"https:\/\/blessedsportswear.com\/wp-content\/uploads\/2025\/12\/DSC04827-768x1024.png","type":"image\/png"}],"twitter_card":"summary_large_image","twitter_misc":{"Dur\u00e9e de lecture estim\u00e9e":"1 minute"},"schema":{"@context":"https:\/\/schema.org","@graph":[{"@type":"WebPage","@id":"http:\/\/blessedsportswear.com\/fr\/product\/pull-a-capuchon-et-pantalons-noir-copy-copy-copy-2\/","url":"http:\/\/blessedsportswear.com\/fr\/product\/pull-a-capuchon-et-pantalons-noir-copy-copy-copy-2\/","name":"Sweat \u00e0 capuche - Gris - Blessed Sportswear","isPartOf":{"@id":"http:\/\/blessedsportswear.com\/fr\/#website"},"primaryImageOfPage":{"@id":"http:\/\/blessedsportswear.com\/fr\/product\/pull-a-capuchon-et-pantalons-noir-copy-copy-copy-2\/#primaryimage"},"image":{"@id":"http:\/\/blessedsportswear.com\/fr\/product\/pull-a-capuchon-et-pantalons-noir-copy-copy-copy-2\/#primaryimage"},"thumbnailUrl":"http:\/\/blessedsportswear.com\/wp-content\/uploads\/2025\/12\/DSC04827-scaled.png","datePublished":"2025-12-05T15:08:28+00:00","dateModified":"2025-12-09T21:29:17+00:00","breadcrumb":{"@id":"http:\/\/blessedsportswear.com\/fr\/product\/pull-a-capuchon-et-pantalons-noir-copy-copy-copy-2\/#breadcrumb"},"inLanguage":"fr-FR","potentialAction":[{"@type":"ReadAction","target":["http:\/\/blessedsportswear.com\/fr\/product\/pull-a-capuchon-et-pantalons-noir-copy-copy-copy-2\/"]}]},{"@type":"ImageObject","inLanguage":"fr-FR","@id":"http:\/\/blessedsportswear.com\/fr\/product\/pull-a-capuchon-et-pantalons-noir-copy-copy-copy-2\/#primaryimage","url":"http:\/\/blessedsportswear.com\/wp-content\/uploads\/2025\/12\/DSC04827-scaled.png","contentUrl":"http:\/\/blessedsportswear.com\/wp-content\/uploads\/2025\/12\/DSC04827-scaled.png","width":1920,"height":2560},{"@type":"BreadcrumbList","@id":"http:\/\/blessedsportswear.com\/fr\/product\/pull-a-capuchon-et-pantalons-noir-copy-copy-copy-2\/#breadcrumb","itemListElement":[{"@type":"ListItem","position":1,"name":"Home","item":"https:\/\/blessedsportswear.com\/fr\/"},{"@type":"ListItem","position":2,"name":"Boutique","item":"https:\/\/blessedsportswear.com\/fr\/boutique-2\/"},{"@type":"ListItem","position":3,"name":"Sweat \u00e0 capuche &#8211; Gris"}]},{"@type":"WebSite","@id":"http:\/\/blessedsportswear.com\/fr\/#website","url":"http:\/\/blessedsportswear.com\/fr\/","name":"Blessed Sportswear","description":"","potentialAction":[{"@type":"SearchAction","target":{"@type":"EntryPoint","urlTemplate":"http:\/\/blessedsportswear.com\/fr\/?s={search_term_string}"},"query-input":{"@type":"PropertyValueSpecification","valueRequired":true,"valueName":"search_term_string"}}],"inLanguage":"fr-FR"}]}},"_links":{"self":[{"href":"http:\/\/blessedsportswear.com\/fr\/wp-json\/wp\/v2\/product\/3099","targetHints":{"allow":["GET"]}}],"collection":[{"href":"http:\/\/blessedsportswear.com\/fr\/wp-json\/wp\/v2\/product"}],"about":[{"href":"http:\/\/blessedsportswear.com\/fr\/wp-json\/wp\/v2\/types\/product"}],"replies":[{"embeddable":true,"href":"http:\/\/blessedsportswear.com\/fr\/wp-json\/wp\/v2\/comments?post=3099"}],"wp:featuredmedia":[{"embeddable":true,"href":"http:\/\/blessedsportswear.com\/fr\/wp-json\/wp\/v2\/media\/3102"}],"wp:attachment":[{"href":"http:\/\/blessedsportswear.com\/fr\/wp-json\/wp\/v2\/media?parent=3099"}],"wp:term":[{"taxonomy":"product_brand","embeddable":true,"href":"http:\/\/blessedsportswear.com\/fr\/wp-json\/wp\/v2\/product_brand?post=3099"},{"taxonomy":"product_cat","embeddable":true,"href":"http:\/\/blessedsportswear.com\/fr\/wp-json\/wp\/v2\/product_cat?post=3099"},{"taxonomy":"product_tag","embeddable":true,"href":"http:\/\/blessedsportswear.com\/fr\/wp-json\/wp\/v2\/product_tag?post=3099"}],"curies":[{"name":"wp","href":"https:\/\/api.w.org\/{rel}","templated":true}]}}