{"id":2749,"date":"2025-07-12T16:45:52","date_gmt":"2025-07-12T16:45:52","guid":{"rendered":"https:\/\/blessedsportswear.com\/?post_type=product&#038;p=2749"},"modified":"2025-11-08T06:29:08","modified_gmt":"2025-11-08T06:29:08","slug":"short-noir","status":"publish","type":"product","link":"http:\/\/blessedsportswear.com\/fr\/product\/short-noir\/","title":{"rendered":"Short noir"},"content":{"rendered":"<div class=\"fusion-fullwidth fullwidth-box fusion-builder-row-1 fusion-flex-container nonhundred-percent-fullwidth non-hundred-percent-height-scrolling\" style=\"--awb-border-radius-top-left:0px;--awb-border-radius-top-right:0px;--awb-border-radius-bottom-right:0px;--awb-border-radius-bottom-left:0px;--awb-flex-wrap:wrap;\" ><div class=\"fusion-builder-row fusion-row fusion-flex-align-items-flex-start fusion-flex-content-wrap\" style=\"max-width:1248px;margin-left: calc(-4% \/ 2 );margin-right: calc(-4% \/ 2 );\"><div class=\"fusion-layout-column fusion_builder_column fusion-builder-column-0 fusion_builder_column_1_1 1_1 fusion-flex-column\" style=\"--awb-bg-size:cover;--awb-width-large:100%;--awb-margin-top-large:0px;--awb-spacing-right-large:1.92%;--awb-margin-bottom-large:0px;--awb-spacing-left-large:1.92%;--awb-width-medium:100%;--awb-spacing-right-medium:1.92%;--awb-spacing-left-medium:1.92%;--awb-width-small:100%;--awb-spacing-right-small:1.92%;--awb-spacing-left-small:1.92%;\"><div class=\"fusion-column-wrapper fusion-flex-justify-content-flex-start fusion-content-layout-column\"><div class=\"fusion-text fusion-text-1\"><p>Respirant et l\u00e9ger, avec une coupe sportive qui inspire la performance optimale, chaque short est un hommage \u00e0 la d\u00e9termination et au travail acharn\u00e9.<\/p>\n<p>En portant Blessed, vous perp\u00e9tuez l\u2019h\u00e9ritage des athl\u00e8tes qui croient en plus que la victoire \u2014 ils croient en devenir la meilleure version d\u2019eux-m\u00eames.<\/p>\n<\/div><div class=\"fusion-text fusion-text-2\"><ul>\n<li>Regular ft<\/li>\n<li>Impression 3D<\/li>\n<li>80% coton 20% polyester<\/li>\n<li>350 g\/m\u00b2<\/li>\n<\/ul>\n<\/div><div class=\"fusion-title title fusion-title-1 fusion-sep-none fusion-title-text fusion-title-size-paragraph\" style=\"--awb-font-size:20px;\"><p class=\"fusion-title-heading title-heading-left title-heading-tag\" style=\"margin:0;font-size:1em;\"><p><strong>Tableau des tailles de shorts europ\u00e9ens en cm<br \/>\n<\/strong><\/p><\/p><\/div>\n<div class=\"table-1\">\n<table width=\"100%\">\n<thead>\n<tr>\n<th align=\"left\">Taille (cm)<\/th>\n<th align=\"left\">XS<\/th>\n<th align=\"left\">S<\/th>\n<th align=\"left\">M<\/th>\n<th align=\"left\">L<\/th>\n<th align=\"left\">XL<\/th>\n<th align=\"left\">XXL<\/th>\n<\/tr>\n<\/thead>\n<tbody>\n<tr>\n<td align=\"left\">Longueur<\/td>\n<td align=\"left\">38.5<\/td>\n<td align=\"left\">40<\/td>\n<td align=\"left\">42.5<\/td>\n<td align=\"left\">44.5<\/td>\n<td align=\"left\">47<\/td>\n<td align=\"left\">49.5<\/td>\n<\/tr>\n<tr>\n<td align=\"left\">Hanches<\/td>\n<td align=\"left\">49.3<\/td>\n<td align=\"left\">51.8<\/td>\n<td align=\"left\">54.3<\/td>\n<td align=\"left\">56.9<\/td>\n<td align=\"left\">59.4<\/td>\n<td align=\"left\">62<\/td>\n<\/tr>\n<\/tbody>\n<\/table>\n<\/div>\n<\/div><\/div><\/div><\/div>\n","protected":false},"excerpt":{"rendered":"","protected":false},"featured_media":2758,"comment_status":"open","ping_status":"closed","template":"","meta":{"inline_featured_image":false},"product_brand":[],"product_cat":[122],"product_tag":[],"class_list":{"0":"post-2749","1":"product","2":"type-product","3":"status-publish","4":"has-post-thumbnail","6":"product_cat-unisexe","8":"first","9":"instock","10":"shipping-taxable","11":"purchasable","12":"product-type-variable","13":"add-to-wishlist-after_add_to_cart"},"yoast_head":"<!-- This site is optimized with the Yoast SEO plugin v26.5 - https:\/\/yoast.com\/wordpress\/plugins\/seo\/ -->\n<title>Short noir - Blessed Sportswear<\/title>\n<meta name=\"robots\" content=\"index, follow, max-snippet:-1, max-image-preview:large, max-video-preview:-1\" \/>\n<link rel=\"canonical\" href=\"http:\/\/blessedsportswear.com\/fr\/product\/short-noir\/\" \/>\n<meta property=\"og:locale\" content=\"fr_FR\" \/>\n<meta property=\"og:type\" content=\"article\" \/>\n<meta property=\"og:title\" content=\"Short noir - Blessed Sportswear\" \/>\n<meta property=\"og:url\" content=\"http:\/\/blessedsportswear.com\/fr\/product\/short-noir\/\" \/>\n<meta property=\"og:site_name\" content=\"Blessed Sportswear\" \/>\n<meta property=\"article:modified_time\" content=\"2025-11-08T06:29:08+00:00\" \/>\n<meta property=\"og:image\" content=\"http:\/\/blessedsportswear.com\/wp-content\/uploads\/2025\/07\/blessed-ss25-II-03-scaled.jpg\" \/>\n\t<meta property=\"og:image:width\" content=\"1707\" \/>\n\t<meta property=\"og:image:height\" content=\"2560\" \/>\n\t<meta property=\"og:image:type\" content=\"image\/jpeg\" \/>\n<meta name=\"twitter:card\" content=\"summary_large_image\" \/>\n<meta name=\"twitter:label1\" content=\"Dur\u00e9e de lecture estim\u00e9e\" \/>\n\t<meta name=\"twitter:data1\" content=\"1 minute\" \/>\n<script type=\"application\/ld+json\" class=\"yoast-schema-graph\">{\"@context\":\"https:\/\/schema.org\",\"@graph\":[{\"@type\":\"WebPage\",\"@id\":\"http:\/\/blessedsportswear.com\/fr\/product\/short-noir\/\",\"url\":\"http:\/\/blessedsportswear.com\/fr\/product\/short-noir\/\",\"name\":\"Short noir - Blessed Sportswear\",\"isPartOf\":{\"@id\":\"http:\/\/blessedsportswear.com\/fr\/#website\"},\"primaryImageOfPage\":{\"@id\":\"http:\/\/blessedsportswear.com\/fr\/product\/short-noir\/#primaryimage\"},\"image\":{\"@id\":\"http:\/\/blessedsportswear.com\/fr\/product\/short-noir\/#primaryimage\"},\"thumbnailUrl\":\"http:\/\/blessedsportswear.com\/wp-content\/uploads\/2025\/07\/blessed-ss25-II-03-scaled.jpg\",\"datePublished\":\"2025-07-12T16:45:52+00:00\",\"dateModified\":\"2025-11-08T06:29:08+00:00\",\"breadcrumb\":{\"@id\":\"http:\/\/blessedsportswear.com\/fr\/product\/short-noir\/#breadcrumb\"},\"inLanguage\":\"fr-FR\",\"potentialAction\":[{\"@type\":\"ReadAction\",\"target\":[\"http:\/\/blessedsportswear.com\/fr\/product\/short-noir\/\"]}]},{\"@type\":\"ImageObject\",\"inLanguage\":\"fr-FR\",\"@id\":\"http:\/\/blessedsportswear.com\/fr\/product\/short-noir\/#primaryimage\",\"url\":\"http:\/\/blessedsportswear.com\/wp-content\/uploads\/2025\/07\/blessed-ss25-II-03-scaled.jpg\",\"contentUrl\":\"http:\/\/blessedsportswear.com\/wp-content\/uploads\/2025\/07\/blessed-ss25-II-03-scaled.jpg\",\"width\":1707,\"height\":2560},{\"@type\":\"BreadcrumbList\",\"@id\":\"http:\/\/blessedsportswear.com\/fr\/product\/short-noir\/#breadcrumb\",\"itemListElement\":[{\"@type\":\"ListItem\",\"position\":1,\"name\":\"Home\",\"item\":\"https:\/\/blessedsportswear.com\/fr\/\"},{\"@type\":\"ListItem\",\"position\":2,\"name\":\"Boutique\",\"item\":\"https:\/\/blessedsportswear.com\/fr\/boutique-2\/\"},{\"@type\":\"ListItem\",\"position\":3,\"name\":\"Short noir\"}]},{\"@type\":\"WebSite\",\"@id\":\"http:\/\/blessedsportswear.com\/fr\/#website\",\"url\":\"http:\/\/blessedsportswear.com\/fr\/\",\"name\":\"Blessed Sportswear\",\"description\":\"\",\"potentialAction\":[{\"@type\":\"SearchAction\",\"target\":{\"@type\":\"EntryPoint\",\"urlTemplate\":\"http:\/\/blessedsportswear.com\/fr\/?s={search_term_string}\"},\"query-input\":{\"@type\":\"PropertyValueSpecification\",\"valueRequired\":true,\"valueName\":\"search_term_string\"}}],\"inLanguage\":\"fr-FR\"}]}<\/script>\n<!-- \/ Yoast SEO plugin. -->","yoast_head_json":{"title":"Short noir - Blessed Sportswear","robots":{"index":"index","follow":"follow","max-snippet":"max-snippet:-1","max-image-preview":"max-image-preview:large","max-video-preview":"max-video-preview:-1"},"canonical":"http:\/\/blessedsportswear.com\/fr\/product\/short-noir\/","og_locale":"fr_FR","og_type":"article","og_title":"Short noir - Blessed Sportswear","og_url":"http:\/\/blessedsportswear.com\/fr\/product\/short-noir\/","og_site_name":"Blessed Sportswear","article_modified_time":"2025-11-08T06:29:08+00:00","og_image":[{"width":1707,"height":2560,"url":"http:\/\/blessedsportswear.com\/wp-content\/uploads\/2025\/07\/blessed-ss25-II-03-scaled.jpg","type":"image\/jpeg"}],"twitter_card":"summary_large_image","twitter_misc":{"Dur\u00e9e de lecture estim\u00e9e":"1 minute"},"schema":{"@context":"https:\/\/schema.org","@graph":[{"@type":"WebPage","@id":"http:\/\/blessedsportswear.com\/fr\/product\/short-noir\/","url":"http:\/\/blessedsportswear.com\/fr\/product\/short-noir\/","name":"Short noir - Blessed Sportswear","isPartOf":{"@id":"http:\/\/blessedsportswear.com\/fr\/#website"},"primaryImageOfPage":{"@id":"http:\/\/blessedsportswear.com\/fr\/product\/short-noir\/#primaryimage"},"image":{"@id":"http:\/\/blessedsportswear.com\/fr\/product\/short-noir\/#primaryimage"},"thumbnailUrl":"http:\/\/blessedsportswear.com\/wp-content\/uploads\/2025\/07\/blessed-ss25-II-03-scaled.jpg","datePublished":"2025-07-12T16:45:52+00:00","dateModified":"2025-11-08T06:29:08+00:00","breadcrumb":{"@id":"http:\/\/blessedsportswear.com\/fr\/product\/short-noir\/#breadcrumb"},"inLanguage":"fr-FR","potentialAction":[{"@type":"ReadAction","target":["http:\/\/blessedsportswear.com\/fr\/product\/short-noir\/"]}]},{"@type":"ImageObject","inLanguage":"fr-FR","@id":"http:\/\/blessedsportswear.com\/fr\/product\/short-noir\/#primaryimage","url":"http:\/\/blessedsportswear.com\/wp-content\/uploads\/2025\/07\/blessed-ss25-II-03-scaled.jpg","contentUrl":"http:\/\/blessedsportswear.com\/wp-content\/uploads\/2025\/07\/blessed-ss25-II-03-scaled.jpg","width":1707,"height":2560},{"@type":"BreadcrumbList","@id":"http:\/\/blessedsportswear.com\/fr\/product\/short-noir\/#breadcrumb","itemListElement":[{"@type":"ListItem","position":1,"name":"Home","item":"https:\/\/blessedsportswear.com\/fr\/"},{"@type":"ListItem","position":2,"name":"Boutique","item":"https:\/\/blessedsportswear.com\/fr\/boutique-2\/"},{"@type":"ListItem","position":3,"name":"Short noir"}]},{"@type":"WebSite","@id":"http:\/\/blessedsportswear.com\/fr\/#website","url":"http:\/\/blessedsportswear.com\/fr\/","name":"Blessed Sportswear","description":"","potentialAction":[{"@type":"SearchAction","target":{"@type":"EntryPoint","urlTemplate":"http:\/\/blessedsportswear.com\/fr\/?s={search_term_string}"},"query-input":{"@type":"PropertyValueSpecification","valueRequired":true,"valueName":"search_term_string"}}],"inLanguage":"fr-FR"}]}},"_links":{"self":[{"href":"http:\/\/blessedsportswear.com\/fr\/wp-json\/wp\/v2\/product\/2749","targetHints":{"allow":["GET"]}}],"collection":[{"href":"http:\/\/blessedsportswear.com\/fr\/wp-json\/wp\/v2\/product"}],"about":[{"href":"http:\/\/blessedsportswear.com\/fr\/wp-json\/wp\/v2\/types\/product"}],"replies":[{"embeddable":true,"href":"http:\/\/blessedsportswear.com\/fr\/wp-json\/wp\/v2\/comments?post=2749"}],"wp:featuredmedia":[{"embeddable":true,"href":"http:\/\/blessedsportswear.com\/fr\/wp-json\/wp\/v2\/media\/2758"}],"wp:attachment":[{"href":"http:\/\/blessedsportswear.com\/fr\/wp-json\/wp\/v2\/media?parent=2749"}],"wp:term":[{"taxonomy":"product_brand","embeddable":true,"href":"http:\/\/blessedsportswear.com\/fr\/wp-json\/wp\/v2\/product_brand?post=2749"},{"taxonomy":"product_cat","embeddable":true,"href":"http:\/\/blessedsportswear.com\/fr\/wp-json\/wp\/v2\/product_cat?post=2749"},{"taxonomy":"product_tag","embeddable":true,"href":"http:\/\/blessedsportswear.com\/fr\/wp-json\/wp\/v2\/product_tag?post=2749"}],"curies":[{"name":"wp","href":"https:\/\/api.w.org\/{rel}","templated":true}]}}