{"id":2582,"date":"2025-04-24T18:49:47","date_gmt":"2025-04-24T18:49:47","guid":{"rendered":"https:\/\/bs.digitalmarketsolution.com\/?post_type=product&#038;p=2582"},"modified":"2025-12-09T17:03:57","modified_gmt":"2025-12-09T17:03:57","slug":"pull-a-capuchon-et-pantalons-gris","status":"publish","type":"product","link":"http:\/\/blessedsportswear.com\/fr\/product\/pull-a-capuchon-et-pantalons-gris\/","title":{"rendered":"Sweat \u00e0 capuche et Jogging \u2013 Gris"},"content":{"rendered":"<div class=\"fusion-fullwidth fullwidth-box fusion-builder-row-1 fusion-flex-container nonhundred-percent-fullwidth non-hundred-percent-height-scrolling\" style=\"--awb-border-radius-top-left:0px;--awb-border-radius-top-right:0px;--awb-border-radius-bottom-right:0px;--awb-border-radius-bottom-left:0px;--awb-flex-wrap:wrap;\" ><div class=\"fusion-builder-row fusion-row fusion-flex-align-items-flex-start fusion-flex-content-wrap\" style=\"max-width:1248px;margin-left: calc(-4% \/ 2 );margin-right: calc(-4% \/ 2 );\"><div class=\"fusion-layout-column fusion_builder_column fusion-builder-column-0 fusion_builder_column_1_1 1_1 fusion-flex-column\" style=\"--awb-bg-size:cover;--awb-width-large:100%;--awb-margin-top-large:0px;--awb-spacing-right-large:1.92%;--awb-margin-bottom-large:0px;--awb-spacing-left-large:1.92%;--awb-width-medium:100%;--awb-spacing-right-medium:1.92%;--awb-spacing-left-medium:1.92%;--awb-width-small:100%;--awb-spacing-right-small:1.92%;--awb-spacing-left-small:1.92%;\"><div class=\"fusion-column-wrapper fusion-flex-justify-content-flex-start fusion-content-layout-column\"><div class=\"fusion-text fusion-text-1\"><p>Levez-vous et rechargez-vous dans la chaleur et le style.<\/p>\n<p>L\u2019ensemble Blessed Pull \u00e0 capuchon et Pantalon passe en toute fluidit\u00e9 de l\u2019entra\u00eenement \u00e0 la rue, vous enveloppant d\u2019un tissu doux et r\u00e9sistant pour un confort tout au long de la journ\u00e9e. Orn\u00e9 de l\u2019embl\u00e8me Blessed, chaque ensemble vous rappelle que la grandeur vient de l\u2019int\u00e9rieur et du fait d\u2019\u00e9lever les autres en chemin.<\/p>\n<p>Ce n\u2019est pas seulement un surv\u00eatement : c\u2019est votre armure pour le voyage.<\/p>\n<\/div><div class=\"fusion-text fusion-text-2\"><ul>\n<li>Regular ft<\/li>\n<li>Impression 3D<\/li>\n<li>80% coton 20% polyester<\/li>\n<li>220 g\/m\u00b2<\/li>\n<\/ul>\n<p>Le mod\u00e8le mesure 192 cm et porte la taille XL pour le sweat \u00e0 capuche et le pantalon noir, et la taille L pour le bordeaux.<\/p>\n<h3><strong>Guide des tailles<br \/>\n<\/strong><\/h3>\n<\/div><div class=\"fusion-title title fusion-title-1 fusion-sep-none fusion-title-text fusion-title-size-paragraph\" style=\"--awb-font-size:20px;\"><p class=\"fusion-title-heading title-heading-left title-heading-tag\" style=\"margin:0;font-size:1em;\"><strong>Haut (Hoodie)<\/strong><\/p><\/div>\n<div class=\"table-1\">\n<table width=\"100%\">\n<thead>\n<tr>\n<th align=\"left\">Taille (cm)<\/th>\n<th align=\"left\">XS<\/th>\n<th align=\"left\">S<\/th>\n<th align=\"left\">M<\/th>\n<th align=\"left\">L<\/th>\n<th align=\"left\">XL<\/th>\n<th align=\"left\">XXL<\/th>\n<\/tr>\n<\/thead>\n<tbody>\n<tr>\n<td align=\"left\">Longueur<\/td>\n<td align=\"left\">66<\/td>\n<td align=\"left\">68.5<\/td>\n<td align=\"left\">71<\/td>\n<td align=\"left\">73.5<\/td>\n<td align=\"left\">76<\/td>\n<td align=\"left\">78.5<\/td>\n<\/tr>\n<tr>\n<td align=\"left\">Poitrine<\/td>\n<td align=\"left\">49.5<\/td>\n<td align=\"left\">53.5<\/td>\n<td align=\"left\">56.5<\/td>\n<td align=\"left\">58.5<\/td>\n<td align=\"left\">62<\/td>\n<td align=\"left\">66<\/td>\n<\/tr>\n<tr>\n<td align=\"left\">\u00c9paules<\/td>\n<td align=\"left\">43<\/td>\n<td align=\"left\">45.5<\/td>\n<td align=\"left\">48<\/td>\n<td align=\"left\">50.5<\/td>\n<td align=\"left\">53.5<\/td>\n<td align=\"left\">56<\/td>\n<\/tr>\n<tr>\n<td align=\"left\">Longueur bras<\/td>\n<td align=\"left\">61<\/td>\n<td align=\"left\">61<\/td>\n<td align=\"left\">68<\/td>\n<td align=\"left\">63.5<\/td>\n<td align=\"left\">66<\/td>\n<td align=\"left\">67.5<\/td>\n<\/tr>\n<\/tbody>\n<\/table>\n<\/div>\n<div class=\"fusion-separator fusion-full-width-sep\" style=\"align-self: center;margin-left: auto;margin-right: auto;margin-bottom:25px;width:100%;\"><\/div><div class=\"fusion-title title fusion-title-2 fusion-sep-none fusion-title-text fusion-title-size-paragraph\" style=\"--awb-font-size:20px;\"><p class=\"fusion-title-heading title-heading-left title-heading-tag\" style=\"margin:0;font-size:1em;\"><strong>Bas (Pantalon)<\/strong><\/p><\/div>\n<div class=\"table-1\">\n<table width=\"100%\">\n<thead>\n<tr>\n<th align=\"left\">Taille (cm)<\/th>\n<th align=\"left\">XS<\/th>\n<th align=\"left\">S<\/th>\n<th align=\"left\">M<\/th>\n<th align=\"left\">L<\/th>\n<th align=\"left\">XL<\/th>\n<th align=\"left\">XXL<\/th>\n<th align=\"left\">3XL<\/th>\n<\/tr>\n<\/thead>\n<tbody>\n<tr>\n<td align=\"left\">Longueur<\/td>\n<td align=\"left\">97.5<\/td>\n<td align=\"left\">100.5<\/td>\n<td align=\"left\">103<\/td>\n<td align=\"left\">105.5<\/td>\n<td align=\"left\">108<\/td>\n<td align=\"left\">110.5<\/td>\n<td align=\"left\">113<\/td>\n<\/tr>\n<tr>\n<td align=\"left\">Taille<\/td>\n<td align=\"left\">71<\/td>\n<td align=\"left\">76<\/td>\n<td align=\"left\">81<\/td>\n<td align=\"left\">86.5<\/td>\n<td align=\"left\">91.5<\/td>\n<td align=\"left\">96.5<\/td>\n<td align=\"left\">101.5<\/td>\n<\/tr>\n<tr>\n<td align=\"left\">Hanches<\/td>\n<td align=\"left\">45.5<\/td>\n<td align=\"left\">84<\/td>\n<td align=\"left\">50.5<\/td>\n<td align=\"left\">59.5<\/td>\n<td align=\"left\">56<\/td>\n<td align=\"left\">58.5<\/td>\n<td align=\"left\">61<\/td>\n<\/tr>\n<tr>\n<td align=\"left\">Entrejambe<\/td>\n<td align=\"left\">70<\/td>\n<td align=\"left\">71<\/td>\n<td align=\"left\">72.5<\/td>\n<td align=\"left\">73.5<\/td>\n<td align=\"left\">75<\/td>\n<td align=\"left\">75<\/td>\n<td align=\"left\">77.5<\/td>\n<\/tr>\n<tr>\n<td align=\"left\">Bas<\/td>\n<td align=\"left\">29<\/td>\n<td align=\"left\">31.5<\/td>\n<td align=\"left\">34.5<\/td>\n<td align=\"left\">34.5<\/td>\n<td align=\"left\">39.5<\/td>\n<td align=\"left\">39.5<\/td>\n<td align=\"left\">44.5<\/td>\n<\/tr>\n<\/tbody>\n<\/table>\n<\/div>\n<\/div><\/div><\/div><\/div>\n","protected":false},"excerpt":{"rendered":"","protected":false},"featured_media":3105,"comment_status":"open","ping_status":"closed","template":"","meta":{"inline_featured_image":false},"product_brand":[],"product_cat":[122],"product_tag":[],"class_list":{"0":"post-2582","1":"product","2":"type-product","3":"status-publish","4":"has-post-thumbnail","6":"product_cat-unisexe","8":"first","9":"instock","10":"shipping-taxable","11":"purchasable","12":"product-type-variable","13":"add-to-wishlist-after_add_to_cart"},"yoast_head":"<!-- This site is optimized with the Yoast SEO plugin v26.5 - https:\/\/yoast.com\/wordpress\/plugins\/seo\/ -->\n<title>Sweat \u00e0 capuche et Jogging \u2013 Gris - Blessed Sportswear<\/title>\n<meta name=\"robots\" content=\"index, follow, max-snippet:-1, max-image-preview:large, max-video-preview:-1\" \/>\n<link rel=\"canonical\" href=\"http:\/\/blessedsportswear.com\/fr\/product\/pull-a-capuchon-et-pantalons-gris\/\" \/>\n<meta property=\"og:locale\" content=\"fr_FR\" \/>\n<meta property=\"og:type\" content=\"article\" \/>\n<meta property=\"og:title\" content=\"Sweat \u00e0 capuche et Jogging \u2013 Gris - Blessed Sportswear\" \/>\n<meta property=\"og:url\" content=\"http:\/\/blessedsportswear.com\/fr\/product\/pull-a-capuchon-et-pantalons-gris\/\" \/>\n<meta property=\"og:site_name\" content=\"Blessed Sportswear\" \/>\n<meta property=\"article:modified_time\" content=\"2025-12-09T17:03:57+00:00\" \/>\n<meta property=\"og:image\" content=\"https:\/\/blessedsportswear.com\/wp-content\/uploads\/2025\/04\/IMG_0429-1-scaled.jpg\" \/>\n\t<meta property=\"og:image:width\" content=\"1707\" \/>\n\t<meta property=\"og:image:height\" content=\"2560\" \/>\n\t<meta property=\"og:image:type\" content=\"image\/jpeg\" \/>\n<meta name=\"twitter:card\" content=\"summary_large_image\" \/>\n<meta name=\"twitter:label1\" content=\"Dur\u00e9e de lecture estim\u00e9e\" \/>\n\t<meta name=\"twitter:data1\" content=\"2 minutes\" \/>\n<script type=\"application\/ld+json\" class=\"yoast-schema-graph\">{\"@context\":\"https:\/\/schema.org\",\"@graph\":[{\"@type\":\"WebPage\",\"@id\":\"http:\/\/blessedsportswear.com\/fr\/product\/pull-a-capuchon-et-pantalons-gris\/\",\"url\":\"http:\/\/blessedsportswear.com\/fr\/product\/pull-a-capuchon-et-pantalons-gris\/\",\"name\":\"Sweat \u00e0 capuche et Jogging \u2013 Gris - Blessed Sportswear\",\"isPartOf\":{\"@id\":\"http:\/\/blessedsportswear.com\/fr\/#website\"},\"primaryImageOfPage\":{\"@id\":\"http:\/\/blessedsportswear.com\/fr\/product\/pull-a-capuchon-et-pantalons-gris\/#primaryimage\"},\"image\":{\"@id\":\"http:\/\/blessedsportswear.com\/fr\/product\/pull-a-capuchon-et-pantalons-gris\/#primaryimage\"},\"thumbnailUrl\":\"http:\/\/blessedsportswear.com\/wp-content\/uploads\/2025\/04\/IMG_0429-1-scaled.jpg\",\"datePublished\":\"2025-04-24T18:49:47+00:00\",\"dateModified\":\"2025-12-09T17:03:57+00:00\",\"breadcrumb\":{\"@id\":\"http:\/\/blessedsportswear.com\/fr\/product\/pull-a-capuchon-et-pantalons-gris\/#breadcrumb\"},\"inLanguage\":\"fr-FR\",\"potentialAction\":[{\"@type\":\"ReadAction\",\"target\":[\"http:\/\/blessedsportswear.com\/fr\/product\/pull-a-capuchon-et-pantalons-gris\/\"]}]},{\"@type\":\"ImageObject\",\"inLanguage\":\"fr-FR\",\"@id\":\"http:\/\/blessedsportswear.com\/fr\/product\/pull-a-capuchon-et-pantalons-gris\/#primaryimage\",\"url\":\"http:\/\/blessedsportswear.com\/wp-content\/uploads\/2025\/04\/IMG_0429-1-scaled.jpg\",\"contentUrl\":\"http:\/\/blessedsportswear.com\/wp-content\/uploads\/2025\/04\/IMG_0429-1-scaled.jpg\",\"width\":1707,\"height\":2560},{\"@type\":\"BreadcrumbList\",\"@id\":\"http:\/\/blessedsportswear.com\/fr\/product\/pull-a-capuchon-et-pantalons-gris\/#breadcrumb\",\"itemListElement\":[{\"@type\":\"ListItem\",\"position\":1,\"name\":\"Home\",\"item\":\"https:\/\/blessedsportswear.com\/fr\/\"},{\"@type\":\"ListItem\",\"position\":2,\"name\":\"Boutique\",\"item\":\"https:\/\/blessedsportswear.com\/fr\/boutique-2\/\"},{\"@type\":\"ListItem\",\"position\":3,\"name\":\"Sweat \u00e0 capuche et Jogging \u2013 Gris\"}]},{\"@type\":\"WebSite\",\"@id\":\"http:\/\/blessedsportswear.com\/fr\/#website\",\"url\":\"http:\/\/blessedsportswear.com\/fr\/\",\"name\":\"Blessed Sportswear\",\"description\":\"\",\"potentialAction\":[{\"@type\":\"SearchAction\",\"target\":{\"@type\":\"EntryPoint\",\"urlTemplate\":\"http:\/\/blessedsportswear.com\/fr\/?s={search_term_string}\"},\"query-input\":{\"@type\":\"PropertyValueSpecification\",\"valueRequired\":true,\"valueName\":\"search_term_string\"}}],\"inLanguage\":\"fr-FR\"}]}<\/script>\n<!-- \/ Yoast SEO plugin. -->","yoast_head_json":{"title":"Sweat \u00e0 capuche et Jogging \u2013 Gris - Blessed Sportswear","robots":{"index":"index","follow":"follow","max-snippet":"max-snippet:-1","max-image-preview":"max-image-preview:large","max-video-preview":"max-video-preview:-1"},"canonical":"http:\/\/blessedsportswear.com\/fr\/product\/pull-a-capuchon-et-pantalons-gris\/","og_locale":"fr_FR","og_type":"article","og_title":"Sweat \u00e0 capuche et Jogging \u2013 Gris - Blessed Sportswear","og_url":"http:\/\/blessedsportswear.com\/fr\/product\/pull-a-capuchon-et-pantalons-gris\/","og_site_name":"Blessed Sportswear","article_modified_time":"2025-12-09T17:03:57+00:00","og_image":[{"width":1707,"height":2560,"url":"https:\/\/blessedsportswear.com\/wp-content\/uploads\/2025\/04\/IMG_0429-1-scaled.jpg","type":"image\/jpeg"}],"twitter_card":"summary_large_image","twitter_misc":{"Dur\u00e9e de lecture estim\u00e9e":"2 minutes"},"schema":{"@context":"https:\/\/schema.org","@graph":[{"@type":"WebPage","@id":"http:\/\/blessedsportswear.com\/fr\/product\/pull-a-capuchon-et-pantalons-gris\/","url":"http:\/\/blessedsportswear.com\/fr\/product\/pull-a-capuchon-et-pantalons-gris\/","name":"Sweat \u00e0 capuche et Jogging \u2013 Gris - Blessed Sportswear","isPartOf":{"@id":"http:\/\/blessedsportswear.com\/fr\/#website"},"primaryImageOfPage":{"@id":"http:\/\/blessedsportswear.com\/fr\/product\/pull-a-capuchon-et-pantalons-gris\/#primaryimage"},"image":{"@id":"http:\/\/blessedsportswear.com\/fr\/product\/pull-a-capuchon-et-pantalons-gris\/#primaryimage"},"thumbnailUrl":"http:\/\/blessedsportswear.com\/wp-content\/uploads\/2025\/04\/IMG_0429-1-scaled.jpg","datePublished":"2025-04-24T18:49:47+00:00","dateModified":"2025-12-09T17:03:57+00:00","breadcrumb":{"@id":"http:\/\/blessedsportswear.com\/fr\/product\/pull-a-capuchon-et-pantalons-gris\/#breadcrumb"},"inLanguage":"fr-FR","potentialAction":[{"@type":"ReadAction","target":["http:\/\/blessedsportswear.com\/fr\/product\/pull-a-capuchon-et-pantalons-gris\/"]}]},{"@type":"ImageObject","inLanguage":"fr-FR","@id":"http:\/\/blessedsportswear.com\/fr\/product\/pull-a-capuchon-et-pantalons-gris\/#primaryimage","url":"http:\/\/blessedsportswear.com\/wp-content\/uploads\/2025\/04\/IMG_0429-1-scaled.jpg","contentUrl":"http:\/\/blessedsportswear.com\/wp-content\/uploads\/2025\/04\/IMG_0429-1-scaled.jpg","width":1707,"height":2560},{"@type":"BreadcrumbList","@id":"http:\/\/blessedsportswear.com\/fr\/product\/pull-a-capuchon-et-pantalons-gris\/#breadcrumb","itemListElement":[{"@type":"ListItem","position":1,"name":"Home","item":"https:\/\/blessedsportswear.com\/fr\/"},{"@type":"ListItem","position":2,"name":"Boutique","item":"https:\/\/blessedsportswear.com\/fr\/boutique-2\/"},{"@type":"ListItem","position":3,"name":"Sweat \u00e0 capuche et Jogging \u2013 Gris"}]},{"@type":"WebSite","@id":"http:\/\/blessedsportswear.com\/fr\/#website","url":"http:\/\/blessedsportswear.com\/fr\/","name":"Blessed Sportswear","description":"","potentialAction":[{"@type":"SearchAction","target":{"@type":"EntryPoint","urlTemplate":"http:\/\/blessedsportswear.com\/fr\/?s={search_term_string}"},"query-input":{"@type":"PropertyValueSpecification","valueRequired":true,"valueName":"search_term_string"}}],"inLanguage":"fr-FR"}]}},"_links":{"self":[{"href":"http:\/\/blessedsportswear.com\/fr\/wp-json\/wp\/v2\/product\/2582","targetHints":{"allow":["GET"]}}],"collection":[{"href":"http:\/\/blessedsportswear.com\/fr\/wp-json\/wp\/v2\/product"}],"about":[{"href":"http:\/\/blessedsportswear.com\/fr\/wp-json\/wp\/v2\/types\/product"}],"replies":[{"embeddable":true,"href":"http:\/\/blessedsportswear.com\/fr\/wp-json\/wp\/v2\/comments?post=2582"}],"wp:featuredmedia":[{"embeddable":true,"href":"http:\/\/blessedsportswear.com\/fr\/wp-json\/wp\/v2\/media\/3105"}],"wp:attachment":[{"href":"http:\/\/blessedsportswear.com\/fr\/wp-json\/wp\/v2\/media?parent=2582"}],"wp:term":[{"taxonomy":"product_brand","embeddable":true,"href":"http:\/\/blessedsportswear.com\/fr\/wp-json\/wp\/v2\/product_brand?post=2582"},{"taxonomy":"product_cat","embeddable":true,"href":"http:\/\/blessedsportswear.com\/fr\/wp-json\/wp\/v2\/product_cat?post=2582"},{"taxonomy":"product_tag","embeddable":true,"href":"http:\/\/blessedsportswear.com\/fr\/wp-json\/wp\/v2\/product_tag?post=2582"}],"curies":[{"name":"wp","href":"https:\/\/api.w.org\/{rel}","templated":true}]}}